{"id":42456,"date":"2025-01-27T15:08:06","date_gmt":"2025-01-27T15:08:06","guid":{"rendered":"https:\/\/sunstayrentals.com\/?page_id=42456"},"modified":"2025-01-29T19:39:41","modified_gmt":"2025-01-29T19:39:41","slug":"impressum","status":"publish","type":"page","link":"https:\/\/sunstayrentals.com\/es\/impressum\/","title":{"rendered":"Impressum"},"content":{"rendered":"<div class=\"flex max-w-full flex-col flex-grow\">\n<div class=\"min-h-8 text-message flex w-full flex-col items-end gap-2 whitespace-normal break-words text-start [.text-message+&amp;]:mt-5\" dir=\"auto\" data-message-author-role=\"assistant\" data-message-id=\"2b66e76d-b698-4a8b-86b5-e93676327263\" data-message-model-slug=\"gpt-4o-mini\">\n<div class=\"flex w-full flex-col gap-1 empty:hidden first:pt-[3px]\">\n<div class=\"markdown prose w-full break-words dark:prose-invert dark\">\n<p><strong>Propietario del Sitio Web:<\/strong><\/p>\n<p>ATANDALUCIA SL.<br \/>\n<strong>CIF<\/strong>: B44854891<br \/>\n<strong>Direcci\u00f3n<\/strong>: Paseo del Colorado, 57 &#8211; BJ B<br \/>\nTorremolinos, 29620, M\u00e1laga<\/p>\n<p><strong>Representado por:<\/strong><\/p>\n<p>Jos\u00e9 Esteban Mendez<\/p>\n<p><strong>Contacto:<\/strong><\/p>\n<p>Tel\u00e9fono: +34 695 559 402<\/p>\n<p>Correo electr\u00f3nico: <a rel=\"noopener\">info@sunstayrentals.com<\/a><\/p>\n<p><strong>Responsabilidad por el Contenido<\/strong><\/p>\n<p>El contenido de nuestras p\u00e1ginas ha sido creado con mucho cuidado. Sin embargo, no podemos garantizar que sea correcto, completo o est\u00e9 actualizado.<\/p>\n<p><strong>Protecci\u00f3n de Datos<\/strong><\/p>\n<p>Nuestro sitio web puede ser utilizado generalmente sin proporcionar ning\u00fan dato personal. En la medida en que se recopilen datos personales (por ejemplo, nombre, direcci\u00f3n o direcciones de correo electr\u00f3nico) en nuestro sitio web, esto siempre se hace de manera voluntaria siempre que sea posible. Estos datos no ser\u00e1n compartidos con terceros sin su expreso consentimiento. Queremos se\u00f1alar que la transmisi\u00f3n de datos a trav\u00e9s de Internet (por ejemplo, cuando se comunica por correo electr\u00f3nico) puede presentar brechas de seguridad. No es posible una protecci\u00f3n completa de los datos contra el acceso de terceros. Queda expresamente prohibido el uso de los datos de contacto publicados como parte de la obligaci\u00f3n de impresi\u00f3n por parte de terceros para enviar publicidad y material informativo no solicitado. Los operadores del sitio se reservan el derecho de emprender acciones legales en caso de publicidad no solicitada, como correos electr\u00f3nicos no deseados.<\/p>\n<p><strong>Google Analytics<\/strong><\/p>\n<p>Este sitio web utiliza Google Analytics, un servicio de an\u00e1lisis web proporcionado por Google Inc. (\u00abGoogle\u00bb). Google Analytics utiliza las llamadas \u00abcookies\u00bb, archivos de texto que se almacenan en su computadora y permiten analizar el uso que hace del sitio web. La informaci\u00f3n generada por la cookie sobre su uso de este sitio web (incluida su direcci\u00f3n IP) se transmite a un servidor de Google en EE. UU. y se almacena all\u00ed. Google utilizar\u00e1 esta informaci\u00f3n para evaluar su uso del sitio web, compilar informes sobre la actividad del sitio web para los operadores del sitio web y proporcionar otros servicios relacionados con la actividad del sitio web y el uso de Internet. Google tambi\u00e9n puede transferir esta informaci\u00f3n a terceros si as\u00ed lo requiere la ley o si los terceros procesan estos datos en nombre de Google. Google no asociar\u00e1 su direcci\u00f3n IP con otros datos de Google. Puede evitar la instalaci\u00f3n de cookies configurando el software de su navegador en consecuencia; sin embargo, queremos se\u00f1alarle que en este caso, puede que no pueda utilizar todas las funciones de este sitio web en su totalidad. Al utilizar este sitio web, consiente el tratamiento de datos sobre usted por parte de Google de la manera y con los fines indicados anteriormente<\/p>\n<\/div>\n<\/div>\n<\/div>\n<\/div>\n","protected":false},"excerpt":{"rendered":"<p>Propietario del Sitio Web: ATANDALUCIA SL. CIF: B44854891 Direcci\u00f3n: Paseo del Colorado, 57 &#8211; BJ B Torremolinos, 29620, M\u00e1laga Representado por: Jos\u00e9 Esteban Mendez Contacto: Tel\u00e9fono: +34 695 559 402 Correo electr\u00f3nico: info@sunstayrentals.com Responsabilidad por el Contenido El contenido de nuestras p\u00e1ginas ha sido creado con mucho cuidado. Sin embargo, no podemos garantizar que sea &#8230;<\/p>\n","protected":false},"author":1,"featured_media":0,"parent":0,"menu_order":0,"comment_status":"closed","ping_status":"closed","template":"","meta":{"footnotes":""},"class_list":["post-42456","page","type-page","status-publish","hentry"],"yoast_head":"<!-- This site is optimized with the Yoast SEO plugin v27.5 - https:\/\/yoast.com\/product\/yoast-seo-wordpress\/ -->\n<title>Impressum - Sunstay Rentals<\/title>\n<meta name=\"robots\" content=\"noindex, follow, max-snippet:-1, max-image-preview:large, max-video-preview:-1\" \/>\n<meta property=\"og:locale\" content=\"es_ES\" \/>\n<meta property=\"og:type\" content=\"article\" \/>\n<meta property=\"og:title\" content=\"Impressum - Sunstay Rentals\" \/>\n<meta property=\"og:description\" content=\"Propietario del Sitio Web: ATANDALUCIA SL. CIF: B44854891 Direcci\u00f3n: Paseo del Colorado, 57 &#8211; BJ B Torremolinos, 29620, M\u00e1laga Representado por: Jos\u00e9 Esteban Mendez Contacto: Tel\u00e9fono: +34 695 559 402 Correo electr\u00f3nico: info@sunstayrentals.com Responsabilidad por el Contenido El contenido de nuestras p\u00e1ginas ha sido creado con mucho cuidado. Sin embargo, no podemos garantizar que sea ...\" \/>\n<meta property=\"og:url\" content=\"https:\/\/sunstayrentals.com\/es\/impressum\/\" \/>\n<meta property=\"og:site_name\" content=\"Sunstay Rentals\" \/>\n<meta property=\"article:modified_time\" content=\"2025-01-29T19:39:41+00:00\" \/>\n<meta property=\"og:image\" content=\"https:\/\/sunstayrentals.com\/wp-content\/uploads\/2024\/04\/Diseno-sin-titulo.png\" \/>\n\t<meta property=\"og:image:width\" content=\"1200\" \/>\n\t<meta property=\"og:image:height\" content=\"675\" \/>\n\t<meta property=\"og:image:type\" content=\"image\/png\" \/>\n<meta name=\"twitter:card\" content=\"summary_large_image\" \/>\n<meta name=\"twitter:label1\" content=\"Tiempo de lectura\" \/>\n\t<meta name=\"twitter:data1\" content=\"2 minutos\" \/>\n<script type=\"application\/ld+json\" class=\"yoast-schema-graph\">{\"@context\":\"https:\\\/\\\/schema.org\",\"@graph\":[{\"@type\":\"WebPage\",\"@id\":\"https:\\\/\\\/sunstayrentals.com\\\/es\\\/impressum\\\/\",\"url\":\"https:\\\/\\\/sunstayrentals.com\\\/es\\\/impressum\\\/\",\"name\":\"Impressum - Sunstay Rentals\",\"isPartOf\":{\"@id\":\"https:\\\/\\\/sunstayrentals.com\\\/#website\"},\"datePublished\":\"2025-01-27T15:08:06+00:00\",\"dateModified\":\"2025-01-29T19:39:41+00:00\",\"breadcrumb\":{\"@id\":\"https:\\\/\\\/sunstayrentals.com\\\/es\\\/impressum\\\/#breadcrumb\"},\"inLanguage\":\"es\",\"potentialAction\":[{\"@type\":\"ReadAction\",\"target\":[\"https:\\\/\\\/sunstayrentals.com\\\/es\\\/impressum\\\/\"]}]},{\"@type\":\"BreadcrumbList\",\"@id\":\"https:\\\/\\\/sunstayrentals.com\\\/es\\\/impressum\\\/#breadcrumb\",\"itemListElement\":[{\"@type\":\"ListItem\",\"position\":1,\"name\":\"Portada\",\"item\":\"https:\\\/\\\/sunstayrentals.com\\\/es\\\/\"},{\"@type\":\"ListItem\",\"position\":2,\"name\":\"Impressum\"}]},{\"@type\":\"WebSite\",\"@id\":\"https:\\\/\\\/sunstayrentals.com\\\/#website\",\"url\":\"https:\\\/\\\/sunstayrentals.com\\\/\",\"name\":\"Sunstay Rentals\",\"description\":\"Sunstay Rentals\",\"publisher\":{\"@id\":\"https:\\\/\\\/sunstayrentals.com\\\/#organization\"},\"potentialAction\":[{\"@type\":\"SearchAction\",\"target\":{\"@type\":\"EntryPoint\",\"urlTemplate\":\"https:\\\/\\\/sunstayrentals.com\\\/?s={search_term_string}\"},\"query-input\":{\"@type\":\"PropertyValueSpecification\",\"valueRequired\":true,\"valueName\":\"search_term_string\"}}],\"inLanguage\":\"es\"},{\"@type\":\"Organization\",\"@id\":\"https:\\\/\\\/sunstayrentals.com\\\/#organization\",\"name\":\"Sunstay Rentals\",\"url\":\"https:\\\/\\\/sunstayrentals.com\\\/\",\"logo\":{\"@type\":\"ImageObject\",\"inLanguage\":\"es\",\"@id\":\"https:\\\/\\\/sunstayrentals.com\\\/#\\\/schema\\\/logo\\\/image\\\/\",\"url\":\"https:\\\/\\\/sunstayrentals.com\\\/wp-content\\\/uploads\\\/2024\\\/04\\\/Sin-titulo-696-x-696-px.png\",\"contentUrl\":\"https:\\\/\\\/sunstayrentals.com\\\/wp-content\\\/uploads\\\/2024\\\/04\\\/Sin-titulo-696-x-696-px.png\",\"width\":696,\"height\":696,\"caption\":\"Sunstay Rentals\"},\"image\":{\"@id\":\"https:\\\/\\\/sunstayrentals.com\\\/#\\\/schema\\\/logo\\\/image\\\/\"}}]}<\/script>\n<!-- \/ Yoast SEO plugin. -->","yoast_head_json":{"title":"Impressum - Sunstay Rentals","robots":{"index":"noindex","follow":"follow","max-snippet":"max-snippet:-1","max-image-preview":"max-image-preview:large","max-video-preview":"max-video-preview:-1"},"og_locale":"es_ES","og_type":"article","og_title":"Impressum - Sunstay Rentals","og_description":"Propietario del Sitio Web: ATANDALUCIA SL. CIF: B44854891 Direcci\u00f3n: Paseo del Colorado, 57 &#8211; BJ B Torremolinos, 29620, M\u00e1laga Representado por: Jos\u00e9 Esteban Mendez Contacto: Tel\u00e9fono: +34 695 559 402 Correo electr\u00f3nico: info@sunstayrentals.com Responsabilidad por el Contenido El contenido de nuestras p\u00e1ginas ha sido creado con mucho cuidado. Sin embargo, no podemos garantizar que sea ...","og_url":"https:\/\/sunstayrentals.com\/es\/impressum\/","og_site_name":"Sunstay Rentals","article_modified_time":"2025-01-29T19:39:41+00:00","og_image":[{"width":1200,"height":675,"url":"https:\/\/sunstayrentals.com\/wp-content\/uploads\/2024\/04\/Diseno-sin-titulo.png","type":"image\/png"}],"twitter_card":"summary_large_image","twitter_misc":{"Tiempo de lectura":"2 minutos"},"schema":{"@context":"https:\/\/schema.org","@graph":[{"@type":"WebPage","@id":"https:\/\/sunstayrentals.com\/es\/impressum\/","url":"https:\/\/sunstayrentals.com\/es\/impressum\/","name":"Impressum - Sunstay Rentals","isPartOf":{"@id":"https:\/\/sunstayrentals.com\/#website"},"datePublished":"2025-01-27T15:08:06+00:00","dateModified":"2025-01-29T19:39:41+00:00","breadcrumb":{"@id":"https:\/\/sunstayrentals.com\/es\/impressum\/#breadcrumb"},"inLanguage":"es","potentialAction":[{"@type":"ReadAction","target":["https:\/\/sunstayrentals.com\/es\/impressum\/"]}]},{"@type":"BreadcrumbList","@id":"https:\/\/sunstayrentals.com\/es\/impressum\/#breadcrumb","itemListElement":[{"@type":"ListItem","position":1,"name":"Portada","item":"https:\/\/sunstayrentals.com\/es\/"},{"@type":"ListItem","position":2,"name":"Impressum"}]},{"@type":"WebSite","@id":"https:\/\/sunstayrentals.com\/#website","url":"https:\/\/sunstayrentals.com\/","name":"Sunstay Rentals","description":"Sunstay Rentals","publisher":{"@id":"https:\/\/sunstayrentals.com\/#organization"},"potentialAction":[{"@type":"SearchAction","target":{"@type":"EntryPoint","urlTemplate":"https:\/\/sunstayrentals.com\/?s={search_term_string}"},"query-input":{"@type":"PropertyValueSpecification","valueRequired":true,"valueName":"search_term_string"}}],"inLanguage":"es"},{"@type":"Organization","@id":"https:\/\/sunstayrentals.com\/#organization","name":"Sunstay Rentals","url":"https:\/\/sunstayrentals.com\/","logo":{"@type":"ImageObject","inLanguage":"es","@id":"https:\/\/sunstayrentals.com\/#\/schema\/logo\/image\/","url":"https:\/\/sunstayrentals.com\/wp-content\/uploads\/2024\/04\/Sin-titulo-696-x-696-px.png","contentUrl":"https:\/\/sunstayrentals.com\/wp-content\/uploads\/2024\/04\/Sin-titulo-696-x-696-px.png","width":696,"height":696,"caption":"Sunstay Rentals"},"image":{"@id":"https:\/\/sunstayrentals.com\/#\/schema\/logo\/image\/"}}]}},"_links":{"self":[{"href":"https:\/\/sunstayrentals.com\/es\/wp-json\/wp\/v2\/pages\/42456","targetHints":{"allow":["GET"]}}],"collection":[{"href":"https:\/\/sunstayrentals.com\/es\/wp-json\/wp\/v2\/pages"}],"about":[{"href":"https:\/\/sunstayrentals.com\/es\/wp-json\/wp\/v2\/types\/page"}],"author":[{"embeddable":true,"href":"https:\/\/sunstayrentals.com\/es\/wp-json\/wp\/v2\/users\/1"}],"replies":[{"embeddable":true,"href":"https:\/\/sunstayrentals.com\/es\/wp-json\/wp\/v2\/comments?post=42456"}],"version-history":[{"count":3,"href":"https:\/\/sunstayrentals.com\/es\/wp-json\/wp\/v2\/pages\/42456\/revisions"}],"predecessor-version":[{"id":42461,"href":"https:\/\/sunstayrentals.com\/es\/wp-json\/wp\/v2\/pages\/42456\/revisions\/42461"}],"wp:attachment":[{"href":"https:\/\/sunstayrentals.com\/es\/wp-json\/wp\/v2\/media?parent=42456"}],"curies":[{"name":"wp","href":"https:\/\/api.w.org\/{rel}","templated":true}]}}