{"id":40441,"date":"2023-07-21T12:44:59","date_gmt":"2023-07-21T12:44:59","guid":{"rendered":"https:\/\/sunstayrentals.com\/?page_id=40441"},"modified":"2025-02-12T11:26:12","modified_gmt":"2025-02-12T11:26:12","slug":"politica-de-accesibilidad","status":"publish","type":"page","link":"https:\/\/sunstayrentals.com\/es\/politica-de-accesibilidad\/","title":{"rendered":"Pol\u00edtica de accesibilidad"},"content":{"rendered":"<h1>Declaraci\u00f3n de Accesibilidad<\/h1>\n<p>ATANDALUCIA SL se compromete en hacer accesible su sitio web de conformidad con el <a role=\"link\" href=\"https:\/\/www.boe.es\/diario_boe\/txt.php?id=BOE-A-2018-12699\" target=\"_blank\" rel=\"noopener noreferrer\">Real Decreto 1112\/2018, sobre accesibilidad de los sitios webs y aplicaciones para dispositivos m\u00f3viles del sector p\u00fablico.\u00a0<\/a><\/p>\n<p>La presente declaraci\u00f3n de accesibilidad se aplica al sitio web <a href=\"https:\/\/sunstayrentals.com\/\">www.sunstayrentals.com<\/a><\/p>\n<h1>\u00a0Situaci\u00f3n de cumplimiento<\/h1>\n<p>Este sitio web es\u00a0<strong>parcialmente conforme<\/strong>\u00a0con el RD 1112\/2018 debido a la falta de conformidad de los aspectos que se indican a continuaci\u00f3n.<\/p>\n<h1>Contenido no accesible<\/h1>\n<p>El contenido que se recoge a continuaci\u00f3n no es accesible por lo siguiente:<\/p>\n<ul>\n<li>falta de conformidad con el RD 1112\/2018\n<ul>\n<li>Se pueden encontrar im\u00e1genes sin que acompa\u00f1e texto explicativo.<\/li>\n<li>Se puede encontrar a\u00fan anidamientos incorrectos de etiquetas.<\/li>\n<li>Podr\u00edan existir fallos de edici\u00f3n en la p\u00e1gina web.<\/li>\n<\/ul>\n<\/li>\n<li>carga desproporcionada\n<ul>\n<li>No aplica.<\/li>\n<\/ul>\n<\/li>\n<li>el contenido no entra dentro del \u00e1mbito de la legislaci\u00f3n aplicable\n<ul>\n<li>Existen archivos ofim\u00e1ticos en PDF que no cumplan en su totalidad todos los requisitos de accesibilidad.<\/li>\n<\/ul>\n<\/li>\n<\/ul>\n<h2>Preparaci\u00f3n de la presente declaraci\u00f3n de accesibilidad:<\/h2>\n<p>La presente declaraci\u00f3n fue preparada el 20 de enero de 2023.<\/p>\n<p>El m\u00e9todo empleado para preparar la declaraci\u00f3n ha sido una autoevaluaci\u00f3n llevada a cabo por medios propios.<\/p>\n<p>\u00daltima revisi\u00f3n de la declaraci\u00f3n: 20 de enero de 2023.<\/p>\n<h2>Observaciones y datos de contacto:<\/h2>\n<p>Puede realizar comunicaciones sobre requisitos de accesibilidad (art\u00edculo 10.2.a) del RD 1112\/2018) como por ejemplo:<\/p>\n<p>1. Informar sobre cualquier posible incumplimiento por parte de este sitio web.<\/p>\n<p>2. Transmitir otras dificultades de acceso al contenido<\/p>\n<p>3. Formular cualquier otra consulta o sugerencia de mejora relativa a la accesibilidad del sitio web<\/p>\n<p>A trav\u00e9s de nuestro\u00a0<a href=\"https:\/\/sunstayrentals.com\/contacto\">apartado de contacto<\/a><\/p>\n<p>Indicando en el Asunto: \u00abAccesibilidad Web\u00bb<\/p>\n<p>Las comunicaciones ser\u00e1n recibidas y tratadas por el equipo de Accesibilidad.<\/p>\n<p><strong>Contenido opcional<\/strong><\/p>\n<p>En esta web se han adoptado una serie de medidas cuyo objetivo es mejorar la accesibilidad. Las ventajas que esto conlleva son, entre otras:<\/p>\n<p>1. Facilitar el acceso de las personas independientemente de su condici\u00f3n f\u00edsica o de su entorno.<\/p>\n<p>2. Incluir contenidos claros y bien estructurados.<\/p>\n<p>3. Mejorar la navegaci\u00f3n y la experiencia del usuario.<\/p>\n<p>Entre las medidas adoptadas:<\/p>\n<p><strong>Lector de contenido<\/strong><\/p>\n<p>Este portal dispone de un servicio de audio contenidos que facilita el acceso a la informaci\u00f3n por parte de usuarios con dificultades para su lectura en pantalla.<\/p>\n<p>Con esta herramienta se facilita el acceso a la informaci\u00f3n, incorporando el formato audio para acceder a los contenidos.<\/p>\n<p>El servicio cuenta con algunas caracter\u00edsticas personalizables:<\/p>\n<p>El texto se destaca mientras est\u00e1 siendo le\u00eddo, reforzando as\u00ed su comprensi\u00f3n.<\/p>\n<p>Permite modificar la velocidad de lectura y la forma en la que se resalta el texto: frase por frase, o bien palabra por palabra.<\/p>\n<p>Se puede seleccionar parte del texto, para escuchar s\u00f3lo determinados contenidos de la p\u00e1gina.<\/p>\n<p>Permite descargar el audio generado en formato mp3.<\/p>\n<p><strong>Atajos de teclado<\/strong><\/p>\n<ul>\n<li>Internet Explorer 6 o superiores: ALT + Tecla de acceso r\u00e1pido + Tecla ENTER<\/li>\n<li>Mozilla Firefox 2.0 o superiores: ALT + MAYUSCULAS + Tecla de acceso r\u00e1pido (configuraci\u00f3n \u2013 avanzada en navegador con dos teclas)<\/li>\n<li>Opera: Tecla May\u00fasculas + Esc para activar las teclas de acceso r\u00e1pido<\/li>\n<li>MacOS: CONTROL + Tecla de acceso r\u00e1pido.<\/li>\n<li>Chrome: ALT + Tecla de acceso r\u00e1pido.<\/li>\n<\/ul>\n","protected":false},"excerpt":{"rendered":"<p>Declaraci\u00f3n de Accesibilidad ATANDALUCIA SL se compromete en hacer accesible su sitio web de conformidad con el Real Decreto 1112\/2018, sobre accesibilidad de los sitios webs y aplicaciones para dispositivos m\u00f3viles del sector p\u00fablico.\u00a0 La presente declaraci\u00f3n de accesibilidad se aplica al sitio web www.sunstayrentals.com \u00a0Situaci\u00f3n de cumplimiento Este sitio web es\u00a0parcialmente conforme\u00a0con el RD &#8230;<\/p>\n","protected":false},"author":1,"featured_media":0,"parent":0,"menu_order":0,"comment_status":"closed","ping_status":"closed","template":"elementor_header_footer","meta":{"footnotes":""},"class_list":["post-40441","page","type-page","status-publish","hentry"],"yoast_head":"<!-- This site is optimized with the Yoast SEO plugin v27.5 - https:\/\/yoast.com\/product\/yoast-seo-wordpress\/ -->\n<title>Pol\u00edtica de accesibilidad - Sunstay Rentals<\/title>\n<meta name=\"robots\" content=\"noindex, follow, max-snippet:-1, max-image-preview:large, max-video-preview:-1\" \/>\n<meta property=\"og:locale\" content=\"es_ES\" \/>\n<meta property=\"og:type\" content=\"article\" \/>\n<meta property=\"og:title\" content=\"Pol\u00edtica de accesibilidad - Sunstay Rentals\" \/>\n<meta property=\"og:description\" content=\"Declaraci\u00f3n de Accesibilidad ATANDALUCIA SL se compromete en hacer accesible su sitio web de conformidad con el Real Decreto 1112\/2018, sobre accesibilidad de los sitios webs y aplicaciones para dispositivos m\u00f3viles del sector p\u00fablico.\u00a0 La presente declaraci\u00f3n de accesibilidad se aplica al sitio web www.sunstayrentals.com \u00a0Situaci\u00f3n de cumplimiento Este sitio web es\u00a0parcialmente conforme\u00a0con el RD ...\" \/>\n<meta property=\"og:url\" content=\"https:\/\/sunstayrentals.com\/es\/politica-de-accesibilidad\/\" \/>\n<meta property=\"og:site_name\" content=\"Sunstay Rentals\" \/>\n<meta property=\"article:modified_time\" content=\"2025-02-12T11:26:12+00:00\" \/>\n<meta property=\"og:image\" content=\"https:\/\/sunstayrentals.com\/wp-content\/uploads\/2024\/04\/Diseno-sin-titulo.png\" \/>\n\t<meta property=\"og:image:width\" content=\"1200\" \/>\n\t<meta property=\"og:image:height\" content=\"675\" \/>\n\t<meta property=\"og:image:type\" content=\"image\/png\" \/>\n<meta name=\"twitter:card\" content=\"summary_large_image\" \/>\n<meta name=\"twitter:label1\" content=\"Tiempo de lectura\" \/>\n\t<meta name=\"twitter:data1\" content=\"3 minutos\" \/>\n<script type=\"application\/ld+json\" class=\"yoast-schema-graph\">{\"@context\":\"https:\\\/\\\/schema.org\",\"@graph\":[{\"@type\":\"WebPage\",\"@id\":\"https:\\\/\\\/sunstayrentals.com\\\/es\\\/politica-de-accesibilidad\\\/\",\"url\":\"https:\\\/\\\/sunstayrentals.com\\\/es\\\/politica-de-accesibilidad\\\/\",\"name\":\"Pol\u00edtica de accesibilidad - Sunstay Rentals\",\"isPartOf\":{\"@id\":\"https:\\\/\\\/sunstayrentals.com\\\/#website\"},\"datePublished\":\"2023-07-21T12:44:59+00:00\",\"dateModified\":\"2025-02-12T11:26:12+00:00\",\"breadcrumb\":{\"@id\":\"https:\\\/\\\/sunstayrentals.com\\\/es\\\/politica-de-accesibilidad\\\/#breadcrumb\"},\"inLanguage\":\"es\",\"potentialAction\":[{\"@type\":\"ReadAction\",\"target\":[\"https:\\\/\\\/sunstayrentals.com\\\/es\\\/politica-de-accesibilidad\\\/\"]}]},{\"@type\":\"BreadcrumbList\",\"@id\":\"https:\\\/\\\/sunstayrentals.com\\\/es\\\/politica-de-accesibilidad\\\/#breadcrumb\",\"itemListElement\":[{\"@type\":\"ListItem\",\"position\":1,\"name\":\"Portada\",\"item\":\"https:\\\/\\\/sunstayrentals.com\\\/es\\\/\"},{\"@type\":\"ListItem\",\"position\":2,\"name\":\"Pol\u00edtica de accesibilidad\"}]},{\"@type\":\"WebSite\",\"@id\":\"https:\\\/\\\/sunstayrentals.com\\\/#website\",\"url\":\"https:\\\/\\\/sunstayrentals.com\\\/\",\"name\":\"Sunstay Rentals\",\"description\":\"Sunstay Rentals\",\"publisher\":{\"@id\":\"https:\\\/\\\/sunstayrentals.com\\\/#organization\"},\"potentialAction\":[{\"@type\":\"SearchAction\",\"target\":{\"@type\":\"EntryPoint\",\"urlTemplate\":\"https:\\\/\\\/sunstayrentals.com\\\/?s={search_term_string}\"},\"query-input\":{\"@type\":\"PropertyValueSpecification\",\"valueRequired\":true,\"valueName\":\"search_term_string\"}}],\"inLanguage\":\"es\"},{\"@type\":\"Organization\",\"@id\":\"https:\\\/\\\/sunstayrentals.com\\\/#organization\",\"name\":\"Sunstay Rentals\",\"url\":\"https:\\\/\\\/sunstayrentals.com\\\/\",\"logo\":{\"@type\":\"ImageObject\",\"inLanguage\":\"es\",\"@id\":\"https:\\\/\\\/sunstayrentals.com\\\/#\\\/schema\\\/logo\\\/image\\\/\",\"url\":\"https:\\\/\\\/sunstayrentals.com\\\/wp-content\\\/uploads\\\/2024\\\/04\\\/Sin-titulo-696-x-696-px.png\",\"contentUrl\":\"https:\\\/\\\/sunstayrentals.com\\\/wp-content\\\/uploads\\\/2024\\\/04\\\/Sin-titulo-696-x-696-px.png\",\"width\":696,\"height\":696,\"caption\":\"Sunstay Rentals\"},\"image\":{\"@id\":\"https:\\\/\\\/sunstayrentals.com\\\/#\\\/schema\\\/logo\\\/image\\\/\"}}]}<\/script>\n<!-- \/ Yoast SEO plugin. -->","yoast_head_json":{"title":"Pol\u00edtica de accesibilidad - Sunstay Rentals","robots":{"index":"noindex","follow":"follow","max-snippet":"max-snippet:-1","max-image-preview":"max-image-preview:large","max-video-preview":"max-video-preview:-1"},"og_locale":"es_ES","og_type":"article","og_title":"Pol\u00edtica de accesibilidad - Sunstay Rentals","og_description":"Declaraci\u00f3n de Accesibilidad ATANDALUCIA SL se compromete en hacer accesible su sitio web de conformidad con el Real Decreto 1112\/2018, sobre accesibilidad de los sitios webs y aplicaciones para dispositivos m\u00f3viles del sector p\u00fablico.\u00a0 La presente declaraci\u00f3n de accesibilidad se aplica al sitio web www.sunstayrentals.com \u00a0Situaci\u00f3n de cumplimiento Este sitio web es\u00a0parcialmente conforme\u00a0con el RD ...","og_url":"https:\/\/sunstayrentals.com\/es\/politica-de-accesibilidad\/","og_site_name":"Sunstay Rentals","article_modified_time":"2025-02-12T11:26:12+00:00","og_image":[{"width":1200,"height":675,"url":"https:\/\/sunstayrentals.com\/wp-content\/uploads\/2024\/04\/Diseno-sin-titulo.png","type":"image\/png"}],"twitter_card":"summary_large_image","twitter_misc":{"Tiempo de lectura":"3 minutos"},"schema":{"@context":"https:\/\/schema.org","@graph":[{"@type":"WebPage","@id":"https:\/\/sunstayrentals.com\/es\/politica-de-accesibilidad\/","url":"https:\/\/sunstayrentals.com\/es\/politica-de-accesibilidad\/","name":"Pol\u00edtica de accesibilidad - Sunstay Rentals","isPartOf":{"@id":"https:\/\/sunstayrentals.com\/#website"},"datePublished":"2023-07-21T12:44:59+00:00","dateModified":"2025-02-12T11:26:12+00:00","breadcrumb":{"@id":"https:\/\/sunstayrentals.com\/es\/politica-de-accesibilidad\/#breadcrumb"},"inLanguage":"es","potentialAction":[{"@type":"ReadAction","target":["https:\/\/sunstayrentals.com\/es\/politica-de-accesibilidad\/"]}]},{"@type":"BreadcrumbList","@id":"https:\/\/sunstayrentals.com\/es\/politica-de-accesibilidad\/#breadcrumb","itemListElement":[{"@type":"ListItem","position":1,"name":"Portada","item":"https:\/\/sunstayrentals.com\/es\/"},{"@type":"ListItem","position":2,"name":"Pol\u00edtica de accesibilidad"}]},{"@type":"WebSite","@id":"https:\/\/sunstayrentals.com\/#website","url":"https:\/\/sunstayrentals.com\/","name":"Sunstay Rentals","description":"Sunstay Rentals","publisher":{"@id":"https:\/\/sunstayrentals.com\/#organization"},"potentialAction":[{"@type":"SearchAction","target":{"@type":"EntryPoint","urlTemplate":"https:\/\/sunstayrentals.com\/?s={search_term_string}"},"query-input":{"@type":"PropertyValueSpecification","valueRequired":true,"valueName":"search_term_string"}}],"inLanguage":"es"},{"@type":"Organization","@id":"https:\/\/sunstayrentals.com\/#organization","name":"Sunstay Rentals","url":"https:\/\/sunstayrentals.com\/","logo":{"@type":"ImageObject","inLanguage":"es","@id":"https:\/\/sunstayrentals.com\/#\/schema\/logo\/image\/","url":"https:\/\/sunstayrentals.com\/wp-content\/uploads\/2024\/04\/Sin-titulo-696-x-696-px.png","contentUrl":"https:\/\/sunstayrentals.com\/wp-content\/uploads\/2024\/04\/Sin-titulo-696-x-696-px.png","width":696,"height":696,"caption":"Sunstay Rentals"},"image":{"@id":"https:\/\/sunstayrentals.com\/#\/schema\/logo\/image\/"}}]}},"_links":{"self":[{"href":"https:\/\/sunstayrentals.com\/es\/wp-json\/wp\/v2\/pages\/40441","targetHints":{"allow":["GET"]}}],"collection":[{"href":"https:\/\/sunstayrentals.com\/es\/wp-json\/wp\/v2\/pages"}],"about":[{"href":"https:\/\/sunstayrentals.com\/es\/wp-json\/wp\/v2\/types\/page"}],"author":[{"embeddable":true,"href":"https:\/\/sunstayrentals.com\/es\/wp-json\/wp\/v2\/users\/1"}],"replies":[{"embeddable":true,"href":"https:\/\/sunstayrentals.com\/es\/wp-json\/wp\/v2\/comments?post=40441"}],"version-history":[{"count":2,"href":"https:\/\/sunstayrentals.com\/es\/wp-json\/wp\/v2\/pages\/40441\/revisions"}],"predecessor-version":[{"id":42486,"href":"https:\/\/sunstayrentals.com\/es\/wp-json\/wp\/v2\/pages\/40441\/revisions\/42486"}],"wp:attachment":[{"href":"https:\/\/sunstayrentals.com\/es\/wp-json\/wp\/v2\/media?parent=40441"}],"curies":[{"name":"wp","href":"https:\/\/api.w.org\/{rel}","templated":true}]}}